{"id":6007,"date":"2020-02-09T20:30:20","date_gmt":"2020-02-10T01:30:20","guid":{"rendered":"https:\/\/salemwolf.ca\/fr\/?page_id=6007"},"modified":"2025-05-20T11:58:58","modified_gmt":"2025-05-20T15:58:58","slug":"a-propos","status":"publish","type":"page","link":"https:\/\/salemwolf.ca\/fr\/a-propos\/","title":{"rendered":"\u00c0 propos"},"content":{"rendered":"\n<div style=\"height:100px\" aria-hidden=\"true\" class=\"wp-block-spacer\"><\/div>\n\n\n\n<div class=\"wp-block-columns alignwide tw-gutter-large is-layout-flex wp-container-core-columns-is-layout-28f84493 wp-block-columns-is-layout-flex\">\n<div class=\"wp-block-column is-layout-flow wp-block-column-is-layout-flow\" style=\"flex-basis:50%\">\n<figure class=\"wp-block-image size-large big-shadow\"><img data-recalc-dims=\"1\" loading=\"lazy\" decoding=\"async\" width=\"1024\" height=\"1024\" src=\"https:\/\/i0.wp.com\/salemwolf.ca\/fr\/wp-content\/uploads\/2023\/09\/salem-30-08-23-2.jpg?resize=1024%2C1024&#038;ssl=1\" alt=\"Photo de presse 2024 Salem Wolf\" class=\"wp-image-6513\" style=\"aspect-ratio:1;object-fit:contain\" srcset=\"https:\/\/i0.wp.com\/salemwolf.ca\/fr\/wp-content\/uploads\/2023\/09\/salem-30-08-23-2.jpg?resize=1024%2C1024&amp;ssl=1 1024w, https:\/\/i0.wp.com\/salemwolf.ca\/fr\/wp-content\/uploads\/2023\/09\/salem-30-08-23-2.jpg?resize=300%2C300&amp;ssl=1 300w, https:\/\/i0.wp.com\/salemwolf.ca\/fr\/wp-content\/uploads\/2023\/09\/salem-30-08-23-2.jpg?resize=150%2C150&amp;ssl=1 150w, https:\/\/i0.wp.com\/salemwolf.ca\/fr\/wp-content\/uploads\/2023\/09\/salem-30-08-23-2.jpg?resize=768%2C768&amp;ssl=1 768w, https:\/\/i0.wp.com\/salemwolf.ca\/fr\/wp-content\/uploads\/2023\/09\/salem-30-08-23-2.jpg?resize=1536%2C1536&amp;ssl=1 1536w, https:\/\/i0.wp.com\/salemwolf.ca\/fr\/wp-content\/uploads\/2023\/09\/salem-30-08-23-2.jpg?resize=2048%2C2048&amp;ssl=1 2048w, https:\/\/i0.wp.com\/salemwolf.ca\/fr\/wp-content\/uploads\/2023\/09\/salem-30-08-23-2.jpg?resize=540%2C540&amp;ssl=1 540w, https:\/\/i0.wp.com\/salemwolf.ca\/fr\/wp-content\/uploads\/2023\/09\/salem-30-08-23-2.jpg?resize=1080%2C1080&amp;ssl=1 1080w, https:\/\/i0.wp.com\/salemwolf.ca\/fr\/wp-content\/uploads\/2023\/09\/salem-30-08-23-2.jpg?resize=1980%2C1980&amp;ssl=1 1980w\" sizes=\"auto, (max-width: 1000px) 100vw, 1000px\" \/><\/figure>\n<\/div>\n\n\n\n<div class=\"wp-block-column tw-mt-4 is-layout-flow wp-block-column-is-layout-flow\" style=\"flex-basis:50%\">\n<div style=\"height:31px\" aria-hidden=\"true\" class=\"wp-block-spacer\"><\/div>\n\n\n\n<p class=\"text_justify\" style=\"margin-top:0;margin-right:var(--wp--preset--spacing--50);margin-bottom:0;margin-left:var(--wp--preset--spacing--50)\">Native de Montr\u00e9al, Sandra Lemire Wolf, aussi connue sous le nom de Salem Wolf, a fait des \u00e9tudes en communication et en cin\u00e9ma \u00e0 l\u2019Universit\u00e9 Laval. Elle se dirigeait vers le 7\u1d49 art, mais c\u2019est le son des moteurs qui l\u2019a finalement attir\u00e9e. Salem Wolf a couvert la Formule 1 durant plus de dix ans comme journaliste, chroniqueuse, r\u00e9dactrice et productrice de contenu pour diff\u00e9rents m\u00e9dias ( web, radio, t\u00e9l\u00e9vision, journaux et magazines). Entrepreneure, elle a aussi con\u00e7u des plateformes web et aid\u00e9 de nombreuses entreprises \u00e0 cr\u00e9er leur identit\u00e9 num\u00e9rique. Depuis 2016, elle se consacre majoritairement \u00e0 l\u2019\u00e9criture de fiction.<\/p>\n\n\n\n<ul style=\"margin-right:var(--wp--preset--spacing--50);margin-left:var(--wp--preset--spacing--50)\" class=\"wp-block-list\">\n<li><a href=\"#bienvenue\" data-type=\"internal\" data-id=\"#bienvenue\">Bienvenue<\/a><\/li>\n\n\n\n<li><a href=\"#citation\" data-type=\"internal\" data-id=\"#citation\">Citation<\/a><\/li>\n\n\n\n<li><a href=\"#inspiration\" data-type=\"internal\" data-id=\"#inspiration\">Inspirations<\/a><\/li>\n<\/ul>\n<\/div>\n<\/div>\n\n\n\n<div style=\"height:100px\" aria-hidden=\"true\" class=\"wp-block-spacer\"><\/div>\n\n\n\n<div class=\"wp-block-columns alignfull tw-gutter-large is-style-section-2 has-light-background-color has-contrast-background-color has-text-color has-background has-link-color wp-elements-72198146142d4d73380448d72d9517ec is-layout-flex wp-container-core-columns-is-layout-28f84493 wp-block-columns-is-layout-flex is-style-section-2--1\">\n<div class=\"wp-block-column dots is-layout-flow wp-block-column-is-layout-flow\" style=\"flex-basis:33.33%\">\n<div style=\"height:100px\" aria-hidden=\"true\" class=\"wp-block-spacer\"><\/div>\n<\/div>\n\n\n\n<div class=\"wp-block-column has-accent-background-color has-background is-layout-flow wp-block-column-is-layout-flow\" style=\"flex-basis:33.34%\">\n<div style=\"height:100px\" aria-hidden=\"true\" class=\"wp-block-spacer\"><\/div>\n\n\n\n<figure class=\"wp-block-pullquote white is-style-default has-base-color has-accent-background-color has-text-color has-background has-link-color wp-elements-df643123e3a8db7ea2928ddc66223965\" id=\"citation\"><blockquote><p><em>\u00c9crire, c\u2019est se donner le droit de raconter des mensonges<\/em>.<\/p><cite>Salem Wolf<\/cite><\/blockquote><\/figure>\n\n\n\n<div style=\"height:100px\" aria-hidden=\"true\" class=\"wp-block-spacer\"><\/div>\n<\/div>\n\n\n\n<div class=\"wp-block-column dots is-layout-flow wp-block-column-is-layout-flow\" style=\"flex-basis:33.33%\">\n<div style=\"height:100px\" aria-hidden=\"true\" class=\"wp-block-spacer\"><\/div>\n<\/div>\n<\/div>\n\n\n\n<div class=\"wp-block-group alignwide has-global-padding is-layout-constrained wp-block-group-is-layout-constrained\">\n<h1 class=\"wp-block-heading insp\" id=\"inspiration\">Inspirations<\/h1>\n\n\n\n<p class=\"lead\">Petite, j\u2019aimais bien raconter des mensonges. Aujourd\u2019hui, j\u2019ai le loisir de retomber dans mes petits plaisirs d\u2019enfance.<\/p>\n<\/div>\n\n\n\n<div class=\"wp-block-columns alignwide is-layout-flex wp-container-core-columns-is-layout-28f84493 wp-block-columns-is-layout-flex\">\n<div class=\"wp-block-column is-layout-flow wp-block-column-is-layout-flow\">\n<p class=\"text_justify\">Je suis n\u00e9e \u00e0 Montr\u00e9al, dans le 514, \u00e0 Pointe-aux-Trembles, il y a un demi-si\u00e8cle.<\/p>\n\n\n\n<p class=\"text_justify\">Mes premi\u00e8res ann\u00e9es me sont ch\u00e8res. Je me souviens d&rsquo;un sentiment de s\u00e9curit\u00e9 dans ma cour \u00e0 jouer aux petites autos dans un bac \u00e0 sable sous un grand saule. Je passais beaucoup de temps \u00e0 jouer dehors avec mon chien Kimo, qui avait plus du loup que du chien.<\/p>\n\n\n\n<p class=\"text_justify\">Je pr\u00e9f\u00e9rais jouer seule avec mes sc\u00e9narios que j\u2019aimais jouer et rejouer. J&rsquo;avais une petite t\u00e9l\u00e9vision dont je r\u00e9glais l&rsquo;\u00e9cran sur noir pour la statique, puis je d\u00e9coupais des d\u00e9cors dans le catalogue Sears. Mes r\u00eaves \u00e9taient peupl\u00e9s du sourire du capitaine Kirk et mes cauchemars\u2009: des mutants de Cosmos&nbsp;1999.<\/p>\n\n\n\n<p>Le premier film que j\u2019ai vu au cin\u00e9ma fut Close Encounters of the Third Kind, qui a fait de moi une fan de Spielberg. \u00c0 ce jour, Jaws est toujours mon film pr\u00e9f\u00e9r\u00e9.<\/p>\n\n\n\n<p>Et les livres\u2009? Bien s\u00fbr, les livres\u2009! Le livre est souvent, pour moi, un support pour partir ailleurs. Je crois que je m\u2019autohypnose dans les lignes des autres. J\u2019ai lu beaucoup de livres, mais je ne me souviens que de peu d\u2019entre eux. De plus, je ne lis qu\u2019en fran\u00e7ais, des traductions s\u2019il le faut. Un sacril\u00e8ge\u2009! Je sais, je m\u2019assume. \u00c0 l&rsquo;\u00e9cole, je n&rsquo;aimais que la biblioth\u00e8que. Je d\u00e9vorais les BD et, plus tard, la reine du crime : Agatha Christie. Quel est mon livre pr\u00e9f\u00e9r\u00e9 ? J\u2019ai un livre f\u00e9tiche : un vieil exemplaire Folio de La dame dans l\u2019auto avec des lunettes et un fusil de S\u00e9bastien Japrisot trouv\u00e9 dans un march\u00e9, tout racorni et plein de notes qui ne sont pas les miennes. Je me retrouve dans cette histoire. Peut-\u00eatre suis-je un peu comme Dany Longo\u2009: j\u2019ai une vision floue des choses, je suis d\u00e9tach\u00e9e, parfois effac\u00e9e, et je ne r\u00eave que de rouler au volant d\u2019une super voiture en direction de la mer.<\/p>\n\n\n\n<p class=\"text_justify\">Ma routine d&rsquo;\u00e9criture ? J\u2019\u00e9cris tr\u00e8s t\u00f4t, je me l\u00e8ve \u00e0 trois ou quatre heures du matin. J\u2019aime \u00eatre t\u00e9moin de l\u2019aube et n\u2019avoir comme compagnie que le sifflement du nordet et les ronflements de mon chien.<\/p>\n\n\n\n<p class=\"text_justify\">D\u2019o\u00f9 me viennent mes histoires\u2009? Ah \u00e7a, je ne sais pas ! C\u2019est comme un r\u00eave qui revient sans cesse. Un film que je repasse et fignole, en marchant dans les bois. Quand elle est m\u00fbre, je l\u2019\u00e9cris tout d\u2019un trait. Les personnages sont comme mes enfants que je m\u2019appr\u00eate \u00e0 pr\u00e9senter au reste du monde en esp\u00e9rant que les gens les aimeront. Je n&rsquo;ai pas le syndrome de la page blanche. J&rsquo;ai tellement d&rsquo;histoires qui me pressent de na\u00eetre ! Comme une ribambelle de petits tannants qui m&rsquo;implore : tu m&rsquo;avais dit que c&rsquo;\u00e9tait mon tour ! J\u2019esp\u00e8re seulement pouvoir, de mon vivant, tenir mes promesses.<\/p>\n\n\n\n<p><\/p>\n<\/div>\n\n\n\n<div class=\"wp-block-column is-layout-flow wp-block-column-is-layout-flow\">\n<p class=\"text_justify\">J\u2019ai fait mes \u00e9tudes \u00e0 Qu\u00e9bec, au coll\u00e8ge de Sainte-Foy, puis \u00e0 l\u2019Universit\u00e9 Laval en communication et cin\u00e9ma. Durant mes \u00e9tudes, j\u2019ai travaill\u00e9 \u00e0 l\u2019h\u00f4tel Loews dans le Vieux-Qu\u00e9bec. L\u2019h\u00f4tellerie est une incroyable source d\u2019inspiration.<\/p>\n\n\n\n<p class=\"text_justify\">J\u2019ai \u00e9t\u00e9 portraitiste en Nouvelle-\u00c9cosse avant de revenir \u00e0 l\u2019\u00e9criture et \u00e0 ma passion des voitures en devenant chroniqueuse de Formule Un, pour la presse \u00e9crite, la radio et la t\u00e9l\u00e9vision. J\u2019ai aussi cr\u00e9\u00e9 des contenants en plus du contenu en codant des sites web et en produisant des images. J\u2019ai travaill\u00e9 pour de grandes bo\u00eetes avec de grosses \u00e9quipes et puis j\u2019ai fond\u00e9 la mienne. J\u2019ai aid\u00e9 de nombreuses jeunes entreprises \u00e0 trouver leur couleur, leur image, leur public. Puis, en 2016, j\u2019ai cess\u00e9 de prendre de nouveaux clients et redirig\u00e9 mes existants. Ensuite, je me suis d\u00e9connect\u00e9e comme j\u2019en r\u00eavais depuis longtemps. Retourner dans mon univers, me couper du monde. Retrouver mes histoires, mes sc\u00e9narios et les peaufiner encore et encore.<\/p>\n\n\n\n<p class=\"text_justify\">Je n\u2019aime pas \u00eatre \u00e9tiquet\u00e9e ou associ\u00e9e \u00e0 un mouvement, \u00e0 un groupe. Je crains la masse. Je n\u2019aime pas \u00eatre bouscul\u00e9e par les temps modernes. La v\u00e9ritable libert\u00e9, c\u2019est pour moi de laisser passer le TGV du bruyant courant populaire qui fonce \u00e0 toute vitesse vers de fausses promesses.<\/p>\n\n\n\n<p class=\"text_justify\">Comme j\u2019ai dit plus haut, j\u2019ai souvent d\u00e9m\u00e9nag\u00e9. J\u2019aime bien le renouveau, une nouvelle d\u00e9co. Qu\u2019importe l\u2019endroit, on peut toujours manger du p\u00e2t\u00e9 chinois devant un jeu t\u00e9l\u00e9vis\u00e9 anim\u00e9 par Patrice L\u2019\u00e9cuyer.<\/p>\n\n\n\n<p class=\"text_justify\">Quand je n\u2019\u00e9cris pas, je suis souvent dans les bois. J\u2019aime le son du vent dans les arbres. Ces grands sages, qui m&rsquo;apaisent. J\u2019aime aussi les endroits vastes et d\u00e9serts. J\u2019aime les parcs nationaux, la photographie, le graphisme, l\u2019architecture, les \u00e9glises, bien que je ne sois croyante que six heures par an, durant la p\u00e9riode de P\u00e2ques, alors que passe \u00e0 la t\u00e9l\u00e9 J\u00e9sus de Nazareth&nbsp;de Franco Zeffirelli. Aux f\u00eates, j\u2019attends avec impatience Cin\u00e9-cadeau pour me rassurer qu&rsquo;il reste encore des gens de ma g\u00e9n\u00e9ration pour regarder Tintin et Ast\u00e9rix.<\/p>\n\n\n\n<p>Bienvenue dans mon univers.<\/p>\n\n\n\n<figure class=\"wp-block-image alignright size-large is-resized\"><img data-recalc-dims=\"1\" loading=\"lazy\" decoding=\"async\" width=\"300\" height=\"201\" src=\"https:\/\/i0.wp.com\/salemwolf.ca\/fr\/wp-content\/uploads\/2020\/01\/salem-signature.png?resize=300%2C201&#038;ssl=1\" alt=\"\" class=\"wp-image-5430\" style=\"width:169px;height:113px\"\/><\/figure>\n<\/div>\n<\/div>\n","protected":false},"excerpt":{"rendered":"<p>Native de Montr\u00e9al, Sandra Lemire Wolf, aussi connue sous le nom de Salem Wolf, a fait des \u00e9tudes en communication et en cin\u00e9ma \u00e0 l\u2019Universit\u00e9 Laval. Elle se dirigeait vers le 7\u1d49 art, mais c\u2019est le son des moteurs qui l\u2019a finalement attir\u00e9e. Salem Wolf a couvert la Formule 1 durant plus de dix ans [&hellip;]<\/p>\n","protected":false},"author":1,"featured_media":0,"parent":0,"menu_order":0,"comment_status":"closed","ping_status":"closed","template":"template-full-width.php","meta":{"footnotes":""},"class_list":["post-6007","page","type-page","status-publish","hentry"],"jetpack_sharing_enabled":true,"_links":{"self":[{"href":"https:\/\/salemwolf.ca\/fr\/wp-json\/wp\/v2\/pages\/6007","targetHints":{"allow":["GET"]}}],"collection":[{"href":"https:\/\/salemwolf.ca\/fr\/wp-json\/wp\/v2\/pages"}],"about":[{"href":"https:\/\/salemwolf.ca\/fr\/wp-json\/wp\/v2\/types\/page"}],"author":[{"embeddable":true,"href":"https:\/\/salemwolf.ca\/fr\/wp-json\/wp\/v2\/users\/1"}],"replies":[{"embeddable":true,"href":"https:\/\/salemwolf.ca\/fr\/wp-json\/wp\/v2\/comments?post=6007"}],"version-history":[{"count":0,"href":"https:\/\/salemwolf.ca\/fr\/wp-json\/wp\/v2\/pages\/6007\/revisions"}],"wp:attachment":[{"href":"https:\/\/salemwolf.ca\/fr\/wp-json\/wp\/v2\/media?parent=6007"}],"curies":[{"name":"wp","href":"https:\/\/api.w.org\/{rel}","templated":true}]}}