{"id":6594,"date":"2023-09-16T17:03:47","date_gmt":"2023-09-16T21:03:47","guid":{"rendered":"https:\/\/salemwolf.ca\/fr\/?page_id=6594"},"modified":"2026-03-31T15:02:04","modified_gmt":"2026-03-31T19:02:04","slug":"intro","status":"publish","type":"page","link":"https:\/\/salemwolf.ca\/fr\/","title":{"rendered":"Accueil"},"content":{"rendered":"\n<div style=\"height:100px\" aria-hidden=\"true\" class=\"wp-block-spacer\"><\/div>\n\n\n\n<h2 class=\"wp-block-heading alignwide livres\">Livres<\/h2>\n\n\n\n<div data-wp-context=\"{&quot;notices&quot;:[],&quot;hideNextPreviousButtons&quot;:false,&quot;isDisabledPrevious&quot;:true,&quot;isDisabledNext&quot;:false,&quot;ariaLabelPrevious&quot;:&quot;Produits pr\\u00e9c\\u00e9dents&quot;,&quot;ariaLabelNext&quot;:&quot;Produits suivants&quot;,&quot;collection&quot;:&quot;woocommerce\\\/product-collection\\\/featured&quot;}\" data-wp-init=\"callbacks.onRender\" data-wp-interactive=\"woocommerce\/product-collection\" data-wp-router-region=\"wc-product-collection-1\" data-__private-preview-state=\"{&quot;isPreview&quot;:false,&quot;previewMessage&quot;:&quot;Les produits d\\u00e9pendront de la page consult\\u00e9e.&quot;}\" data-block-name=\"woocommerce\/product-collection\" data-collection=\"woocommerce\/product-collection\/featured\" data-dimensions=\"{&quot;widthType&quot;:&quot;fill&quot;}\" data-display-layout=\"{&quot;type&quot;:&quot;flex&quot;,&quot;columns&quot;:5,&quot;shrinkColumns&quot;:true}\" data-hide-controls=\"[&quot;inherit&quot;,&quot;featured&quot;,&quot;filterable&quot;]\" data-query-context-includes=\"[&quot;collection&quot;]\" data-query-id=\"1\" data-query=\"{&quot;perPage&quot;:5,&quot;pages&quot;:1,&quot;offset&quot;:0,&quot;postType&quot;:&quot;product&quot;,&quot;order&quot;:&quot;asc&quot;,&quot;orderBy&quot;:&quot;title&quot;,&quot;search&quot;:&quot;&quot;,&quot;exclude&quot;:[],&quot;inherit&quot;:false,&quot;taxQuery&quot;:[],&quot;isProductCollectionBlock&quot;:true,&quot;featured&quot;:true,&quot;woocommerceOnSale&quot;:false,&quot;woocommerceStockStatus&quot;:[&quot;instock&quot;,&quot;outofstock&quot;,&quot;onbackorder&quot;],&quot;woocommerceAttributes&quot;:[],&quot;woocommerceHandPickedProducts&quot;:[],&quot;filterable&quot;:false,&quot;relatedBy&quot;:{&quot;categories&quot;:true,&quot;tags&quot;:true}}\" data-tag-name=\"div\" class=\"wp-block-woocommerce-product-collection is-layout-flow wp-block-woocommerce-product-collection-is-layout-flow\">\t\t<div data-wp-interactive=\"woocommerce\/store-notices\" class=\"wc-block-components-notices alignwide\">\n\t\t\t<template data-wp-each--notice=\"state.notices\" data-wp-each-key=\"context.notice.id\">\n\t\t\t\t<div\n\t\t\t\t\tclass=\"wc-block-components-notice-banner\"\n\t\t\t\t\tdata-wp-init=\"callbacks.scrollIntoView\"\n\t\t\t\t\tdata-wp-class--is-error=\"state.isError\"\n\t\t\t\t\tdata-wp-class--is-success=\"state.isSuccess\"\n\t\t\t\t\tdata-wp-class--is-info=\"state.isInfo\"\n\t\t\t\t\tdata-wp-class--is-dismissible=\"context.notice.dismissible\"\n\t\t\t\t\tdata-wp-bind--role=\"state.role\"\n\t\t\t\t\tdata-wp-watch=\"callbacks.injectIcon\"\n\t\t\t\t>\n\t\t\t\t\t<div class=\"wc-block-components-notice-banner__content\">\n\t\t\t\t\t\t<span data-wp-init=\"callbacks.renderNoticeContent\" aria-live=\"assertive\" aria-atomic=\"true\"><\/span>\n\t\t\t\t\t<\/div>\n\t\t\t\t\t<button\n\t\t\t\t\t\tdata-wp-bind--hidden=\"!context.notice.dismissible\"\n\t\t\t\t\t\tclass=\"wc-block-components-button wp-element-button wc-block-components-notice-banner__dismiss contained\"\n\t\t\t\t\t\taria-label=\"D\u00e9sactiver cette notification\"\n\t\t\t\t\t\tdata-wp-on--click=\"actions.removeNotice\"\n\t\t\t\t\t>\n\t\t\t\t\t\t<svg xmlns=\"http:\/\/www.w3.org\/2000\/svg\" viewBox=\"0 0 24 24\">\n\t\t\t\t\t\t\t<path d=\"M13 11.8l6.1-6.3-1-1-6.1 6.2-6.1-6.2-1 1 6.1 6.3-6.5 6.7 1 1 6.5-6.6 6.5 6.6 1-1z\" \/>\n\t\t\t\t\t\t<\/svg>\n\t\t\t\t\t<\/button>\n\t\t\t\t<\/div>\n\t\t\t<\/template>\n\t\t<\/div>\n\t\t\n<h2 class=\"wp-block-heading has-text-align-center\" style=\"margin-bottom:1rem\">Produits mis en avant<\/h2>\n\n\n<ul data-block-name=\"woocommerce\/product-template\" class=\"wc-block-product-template__responsive columns-5 wc-block-product-template wp-block-woocommerce-product-template is-layout-flow wp-block-woocommerce-product-template-is-layout-flow\" data-wp-on--scroll=\"actions.watchScroll\" data-wp-init=\"callbacks.initResizeObserver\"><li class=\"wc-block-product post-8241 product type-product status-publish has-post-thumbnail product_brand-les-editeurs-reunis product_cat-livres product_tag-cinema product_tag-quebec product_tag-romance product_shipping_class-livraison-gratuite first instock featured shipping-taxable purchasable product-type-simple\"\n\t\t\t\t\t\n\t\t\t\tdata-wp-interactive=\"woocommerce\/product-collection\"\n\t\t\t\tdata-wp-context='{\"productId\":8241}'\n\t\t\t\tdata-wp-key=\"product-item-8241\"\n\t\t\t\n\t\t\t\t>\n\t\t\t\t\t\n<div data-block-name=\"woocommerce\/product-image\" data-is-descendent-of-query-loop=\"true\" data-show-sale-badge=\"false\" class=\"wc-block-components-product-image wc-block-grid__product-image wc-block-components-product-image--aspect-ratio-auto wp-block-woocommerce-product-image\"><a href=\"https:\/\/salemwolf.ca\/fr\/produit\/le-role-dune-vie\/\" style=\"\" data-wp-on--click=\"woocommerce\/product-collection::actions.viewProduct\"><img decoding=\"async\" width=\"600\" height=\"900\" src=\"https:\/\/i0.wp.com\/salemwolf.ca\/fr\/wp-content\/uploads\/2023\/09\/C1_Le_role_dune_vie-1-scaled-1.jpg?fit=600%2C900&amp;ssl=1\" class=\"attachment-woocommerce_single size-woocommerce_single\" alt=\"Le r\u00f4le d&#039;une vie\" data-testid=\"product-image\" data-image-id=\"6596\" style=\"object-fit:cover;\" loading=\"lazy\" srcset=\"https:\/\/i0.wp.com\/salemwolf.ca\/fr\/wp-content\/uploads\/2023\/09\/C1_Le_role_dune_vie-1-scaled-1.jpg?w=1707&amp;ssl=1 1707w, https:\/\/i0.wp.com\/salemwolf.ca\/fr\/wp-content\/uploads\/2023\/09\/C1_Le_role_dune_vie-1-scaled-1.jpg?resize=200%2C300&amp;ssl=1 200w, https:\/\/i0.wp.com\/salemwolf.ca\/fr\/wp-content\/uploads\/2023\/09\/C1_Le_role_dune_vie-1-scaled-1.jpg?resize=683%2C1024&amp;ssl=1 683w, https:\/\/i0.wp.com\/salemwolf.ca\/fr\/wp-content\/uploads\/2023\/09\/C1_Le_role_dune_vie-1-scaled-1.jpg?resize=768%2C1152&amp;ssl=1 768w, https:\/\/i0.wp.com\/salemwolf.ca\/fr\/wp-content\/uploads\/2023\/09\/C1_Le_role_dune_vie-1-scaled-1.jpg?resize=1024%2C1536&amp;ssl=1 1024w, https:\/\/i0.wp.com\/salemwolf.ca\/fr\/wp-content\/uploads\/2023\/09\/C1_Le_role_dune_vie-1-scaled-1.jpg?resize=1366%2C2048&amp;ssl=1 1366w, https:\/\/i0.wp.com\/salemwolf.ca\/fr\/wp-content\/uploads\/2023\/09\/C1_Le_role_dune_vie-1-scaled-1.jpg?resize=540%2C810&amp;ssl=1 540w, https:\/\/i0.wp.com\/salemwolf.ca\/fr\/wp-content\/uploads\/2023\/09\/C1_Le_role_dune_vie-1-scaled-1.jpg?resize=1080%2C1620&amp;ssl=1 1080w\" sizes=\"auto, (max-width: 600px) 100vw, 600px\" \/><div class=\"wc-block-components-product-image__inner-container\"><\/div><\/a><\/div>\n\n<h2 style=\"line-height:1.4; margin-bottom:0.75rem;margin-top:0;\" class=\"has-text-align-center wp-block-post-title has-medium-font-size\"><a data-wp-on--click=\"woocommerce\/product-collection::actions.viewProduct\" href=\"https:\/\/salemwolf.ca\/fr\/produit\/le-role-dune-vie\/\" target=\"_self\" >Le r\u00f4le d&rsquo;une vie<\/a><\/h2>\n\n<div data-block-name=\"woocommerce\/product-price\" data-font-size=\"small\" data-is-descendent-of-query-loop=\"true\" data-text-align=\"center\" class=\"has-font-size has-small-font-size has-text-align-center wp-block-woocommerce-product-price has-small-font-size\" ><div class=\"wc-block-components-product-price wc-block-grid__product-price\" >\n\t\t\t\t\t<span class=\"woocommerce-Price-amount amount\"><bdi><span class=\"woocommerce-Price-currencySymbol\">&#36;<\/span>28.95<\/bdi><\/span>\n\t\t\t\t<\/div><\/div>\n\n<div data-block-name=\"woocommerce\/product-button\" data-font-size=\"small\" data-is-descendent-of-query-loop=\"true\" data-text-align=\"center\" class=\"wp-block-button wc-block-components-product-button   align-center wp-block-woocommerce-product-button has-small-font-size\"\n\t\t\t\t\t\n\t\t\t\t\tdata-wp-context='{\"quantityToAdd\":1,\"productId\":8241,\"productType\":\"simple\",\"addToCartText\":\"Ajouter au panier\",\"tempQuantity\":0,\"animationStatus\":\"IDLE\",\"inTheCartText\":\"### dans le panier\",\"noticeId\":\"\",\"hasPressedButton\":false}'\n\t\t\t\t>\n\t\t\t\t\t<a\n\t\t\t\t\t\tclass=\"wp-block-button__link wp-element-button wc-block-components-product-button__button add_to_cart_button product_type_simple has-font-size has-small-font-size has-text-align-center wc-interactive\"\n\t\t\t\t\t\tstyle=\"\"\n\t\t\t\t\t\thref=\"\/fr\/wp-json\/wp\/v2\/pages\/6594?add-to-cart=8241\" rel=\"nofollow\" data-product_id=\"8241\" data-product_sku=\"5002\" aria-label=\"Ajouter au panier\u00a0: &ldquo;Le r\u00f4le d&#039;une vie&rdquo;\"\n\t\t\t\t\t\tdata-wp-on--click=\"woocommerce\/product-collection::actions.viewProduct\"\n\t\t\t\t\t>\n\t\t\t\t\t<span >Ajouter au panier<\/span>\n\t\t\t\t\t<\/a>\n\t\t\t\t\t\n\t\t\t\t<\/div>\n\n\t\t\t\t<\/li><li class=\"wc-block-product post-8224 product type-product status-publish has-post-thumbnail product_brand-les-editeurs-reunis product_cat-livres product_tag-amitie product_tag-chien product_tag-liberte product_tag-maladie product_tag-mort product_tag-relations-familiales product_tag-sexualite product_tag-voyages product_shipping_class-livraison-gratuite  instock featured shipping-taxable purchasable product-type-simple\"\n\t\t\t\t\t\n\t\t\t\tdata-wp-interactive=\"woocommerce\/product-collection\"\n\t\t\t\tdata-wp-context='{\"productId\":8224}'\n\t\t\t\tdata-wp-key=\"product-item-8224\"\n\t\t\t\n\t\t\t\t>\n\t\t\t\t\t\n<div data-block-name=\"woocommerce\/product-image\" data-is-descendent-of-query-loop=\"true\" data-show-sale-badge=\"false\" class=\"wc-block-components-product-image wc-block-grid__product-image wc-block-components-product-image--aspect-ratio-auto wp-block-woocommerce-product-image\"><a href=\"https:\/\/salemwolf.ca\/fr\/produit\/pour-le-temps-quil-me-reste\/\" style=\"\" data-wp-on--click=\"woocommerce\/product-collection::actions.viewProduct\"><img decoding=\"async\" width=\"505\" height=\"758\" src=\"https:\/\/i0.wp.com\/salemwolf.ca\/fr\/wp-content\/uploads\/original.jpeg?fit=505%2C758&amp;ssl=1\" class=\"attachment-woocommerce_single size-woocommerce_single\" alt=\"Pour le temps qu&#039;il me reste\" data-testid=\"product-image\" data-image-id=\"8225\" style=\"object-fit:cover;\" loading=\"lazy\" srcset=\"https:\/\/i0.wp.com\/salemwolf.ca\/fr\/wp-content\/uploads\/original.jpeg?w=505&amp;ssl=1 505w, https:\/\/i0.wp.com\/salemwolf.ca\/fr\/wp-content\/uploads\/original.jpeg?resize=200%2C300&amp;ssl=1 200w\" sizes=\"auto, (max-width: 505px) 100vw, 505px\" \/><div class=\"wc-block-components-product-image__inner-container\"><\/div><\/a><\/div>\n\n<h2 style=\"line-height:1.4; margin-bottom:0.75rem;margin-top:0;\" class=\"has-text-align-center wp-block-post-title has-medium-font-size\"><a data-wp-on--click=\"woocommerce\/product-collection::actions.viewProduct\" href=\"https:\/\/salemwolf.ca\/fr\/produit\/pour-le-temps-quil-me-reste\/\" target=\"_self\" >Pour le temps qu&rsquo;il me reste<\/a><\/h2>\n\n<div data-block-name=\"woocommerce\/product-price\" data-font-size=\"small\" data-is-descendent-of-query-loop=\"true\" data-text-align=\"center\" class=\"has-font-size has-small-font-size has-text-align-center wp-block-woocommerce-product-price has-small-font-size\" ><div class=\"wc-block-components-product-price wc-block-grid__product-price\" >\n\t\t\t\t\t<span class=\"woocommerce-Price-amount amount\"><bdi><span class=\"woocommerce-Price-currencySymbol\">&#36;<\/span>28.95<\/bdi><\/span>\n\t\t\t\t<\/div><\/div>\n\n<div data-block-name=\"woocommerce\/product-button\" data-font-size=\"small\" data-is-descendent-of-query-loop=\"true\" data-text-align=\"center\" class=\"wp-block-button wc-block-components-product-button   align-center wp-block-woocommerce-product-button has-small-font-size\"\n\t\t\t\t\t\n\t\t\t\t\tdata-wp-context='{\"quantityToAdd\":1,\"productId\":8224,\"productType\":\"simple\",\"addToCartText\":\"Ajouter au panier\",\"tempQuantity\":0,\"animationStatus\":\"IDLE\",\"inTheCartText\":\"### dans le panier\",\"noticeId\":\"\",\"hasPressedButton\":false}'\n\t\t\t\t>\n\t\t\t\t\t<a\n\t\t\t\t\t\tclass=\"wp-block-button__link wp-element-button wc-block-components-product-button__button add_to_cart_button product_type_simple has-font-size has-small-font-size has-text-align-center wc-interactive\"\n\t\t\t\t\t\tstyle=\"\"\n\t\t\t\t\t\thref=\"\/fr\/wp-json\/wp\/v2\/pages\/6594?add-to-cart=8224\" rel=\"nofollow\" data-product_id=\"8224\" data-product_sku=\"5001\" aria-label=\"Ajouter au panier\u00a0: &ldquo;Pour le temps qu&#039;il me reste&rdquo;\"\n\t\t\t\t\t\tdata-wp-on--click=\"woocommerce\/product-collection::actions.viewProduct\"\n\t\t\t\t\t>\n\t\t\t\t\t<span >Ajouter au panier<\/span>\n\t\t\t\t\t<\/a>\n\t\t\t\t\t\n\t\t\t\t<\/div>\n\n\t\t\t\t<\/li><li class=\"wc-block-product post-8297 product type-product status-publish has-post-thumbnail product_brand-les-editeurs-reunis product_cat-livres product_tag-amitie product_tag-cinema product_tag-relations-familiales product_tag-romance product_tag-sexualite product_tag-voyages product_shipping_class-livraison-gratuite  instock featured shipping-taxable purchasable product-type-simple\"\n\t\t\t\t\t\n\t\t\t\tdata-wp-interactive=\"woocommerce\/product-collection\"\n\t\t\t\tdata-wp-context='{\"productId\":8297}'\n\t\t\t\tdata-wp-key=\"product-item-8297\"\n\t\t\t\n\t\t\t\t>\n\t\t\t\t\t\n<div data-block-name=\"woocommerce\/product-image\" data-is-descendent-of-query-loop=\"true\" data-show-sale-badge=\"false\" class=\"wc-block-components-product-image wc-block-grid__product-image wc-block-components-product-image--aspect-ratio-auto wp-block-woocommerce-product-image\"><a href=\"https:\/\/salemwolf.ca\/fr\/produit\/un-amour-sous-les-projecteurs\/\" style=\"\" data-wp-on--click=\"woocommerce\/product-collection::actions.viewProduct\"><img decoding=\"async\" width=\"432\" height=\"648\" src=\"https:\/\/i0.wp.com\/salemwolf.ca\/fr\/wp-content\/uploads\/C1_Un_amour_sous_les_projecteurs_E4.jpg?fit=432%2C648&amp;ssl=1\" class=\"attachment-woocommerce_single size-woocommerce_single\" alt=\"Un amour sous les projecteurs\" data-testid=\"product-image\" data-image-id=\"6971\" style=\"object-fit:cover;\" loading=\"lazy\" srcset=\"https:\/\/i0.wp.com\/salemwolf.ca\/fr\/wp-content\/uploads\/C1_Un_amour_sous_les_projecteurs_E4.jpg?w=432&amp;ssl=1 432w, https:\/\/i0.wp.com\/salemwolf.ca\/fr\/wp-content\/uploads\/C1_Un_amour_sous_les_projecteurs_E4.jpg?resize=200%2C300&amp;ssl=1 200w, https:\/\/i0.wp.com\/salemwolf.ca\/fr\/wp-content\/uploads\/C1_Un_amour_sous_les_projecteurs_E4.jpg?resize=100%2C150&amp;ssl=1 100w\" sizes=\"auto, (max-width: 432px) 100vw, 432px\" \/><div class=\"wc-block-components-product-image__inner-container\"><\/div><\/a><\/div>\n\n<h2 style=\"line-height:1.4; margin-bottom:0.75rem;margin-top:0;\" class=\"has-text-align-center wp-block-post-title has-medium-font-size\"><a data-wp-on--click=\"woocommerce\/product-collection::actions.viewProduct\" href=\"https:\/\/salemwolf.ca\/fr\/produit\/un-amour-sous-les-projecteurs\/\" target=\"_self\" >Un amour sous les projecteurs<\/a><\/h2>\n\n<div data-block-name=\"woocommerce\/product-price\" data-font-size=\"small\" data-is-descendent-of-query-loop=\"true\" data-text-align=\"center\" class=\"has-font-size has-small-font-size has-text-align-center wp-block-woocommerce-product-price has-small-font-size\" ><div class=\"wc-block-components-product-price wc-block-grid__product-price\" >\n\t\t\t\t\t<span class=\"woocommerce-Price-amount amount\"><bdi><span class=\"woocommerce-Price-currencySymbol\">&#36;<\/span>28.95<\/bdi><\/span>\n\t\t\t\t<\/div><\/div>\n\n<div data-block-name=\"woocommerce\/product-button\" data-font-size=\"small\" data-is-descendent-of-query-loop=\"true\" data-text-align=\"center\" class=\"wp-block-button wc-block-components-product-button   align-center wp-block-woocommerce-product-button has-small-font-size\"\n\t\t\t\t\t\n\t\t\t\t\tdata-wp-context='{\"quantityToAdd\":1,\"productId\":8297,\"productType\":\"simple\",\"addToCartText\":\"Ajouter au panier\",\"tempQuantity\":0,\"animationStatus\":\"IDLE\",\"inTheCartText\":\"### dans le panier\",\"noticeId\":\"\",\"hasPressedButton\":false}'\n\t\t\t\t>\n\t\t\t\t\t<a\n\t\t\t\t\t\tclass=\"wp-block-button__link wp-element-button wc-block-components-product-button__button add_to_cart_button product_type_simple has-font-size has-small-font-size has-text-align-center wc-interactive\"\n\t\t\t\t\t\tstyle=\"\"\n\t\t\t\t\t\thref=\"\/fr\/wp-json\/wp\/v2\/pages\/6594?add-to-cart=8297\" rel=\"nofollow\" data-product_id=\"8297\" data-product_sku=\"5004\" aria-label=\"Ajouter au panier\u00a0: &ldquo;Un amour sous les projecteurs&rdquo;\"\n\t\t\t\t\t\tdata-wp-on--click=\"woocommerce\/product-collection::actions.viewProduct\"\n\t\t\t\t\t>\n\t\t\t\t\t<span >Ajouter au panier<\/span>\n\t\t\t\t\t<\/a>\n\t\t\t\t\t\n\t\t\t\t<\/div>\n\n\t\t\t\t<\/li><li class=\"wc-block-product post-8223 product type-product status-publish has-post-thumbnail product_brand-grand-mechant-loup product_cat-jeunesse product_cat-livres product_tag-ado product_tag-amitie product_tag-chien product_tag-cohabitation product_tag-romance product_shipping_class-livraison-gratuite last instock featured shipping-taxable purchasable product-type-simple\"\n\t\t\t\t\t\n\t\t\t\tdata-wp-interactive=\"woocommerce\/product-collection\"\n\t\t\t\tdata-wp-context='{\"productId\":8223}'\n\t\t\t\tdata-wp-key=\"product-item-8223\"\n\t\t\t\n\t\t\t\t>\n\t\t\t\t\t\n<div data-block-name=\"woocommerce\/product-image\" data-is-descendent-of-query-loop=\"true\" data-show-sale-badge=\"false\" class=\"wc-block-components-product-image wc-block-grid__product-image wc-block-components-product-image--aspect-ratio-auto wp-block-woocommerce-product-image\"><a href=\"https:\/\/salemwolf.ca\/fr\/produit\/une-drole-de-paire\/\" style=\"\" data-wp-on--click=\"woocommerce\/product-collection::actions.viewProduct\"><img decoding=\"async\" width=\"600\" height=\"919\" src=\"https:\/\/i0.wp.com\/salemwolf.ca\/fr\/wp-content\/uploads\/undroledepaire-front-cover.jpg?fit=600%2C919&amp;ssl=1\" class=\"attachment-woocommerce_single size-woocommerce_single\" alt=\"Une dr\u00f4le de paire\" data-testid=\"product-image\" data-image-id=\"6972\" style=\"object-fit:cover;\" loading=\"lazy\" srcset=\"https:\/\/i0.wp.com\/salemwolf.ca\/fr\/wp-content\/uploads\/undroledepaire-front-cover.jpg?w=857&amp;ssl=1 857w, https:\/\/i0.wp.com\/salemwolf.ca\/fr\/wp-content\/uploads\/undroledepaire-front-cover.jpg?resize=196%2C300&amp;ssl=1 196w, https:\/\/i0.wp.com\/salemwolf.ca\/fr\/wp-content\/uploads\/undroledepaire-front-cover.jpg?resize=669%2C1024&amp;ssl=1 669w, https:\/\/i0.wp.com\/salemwolf.ca\/fr\/wp-content\/uploads\/undroledepaire-front-cover.jpg?resize=98%2C150&amp;ssl=1 98w, https:\/\/i0.wp.com\/salemwolf.ca\/fr\/wp-content\/uploads\/undroledepaire-front-cover.jpg?resize=768%2C1176&amp;ssl=1 768w, https:\/\/i0.wp.com\/salemwolf.ca\/fr\/wp-content\/uploads\/undroledepaire-front-cover.jpg?resize=540%2C827&amp;ssl=1 540w\" sizes=\"auto, (max-width: 600px) 100vw, 600px\" \/><div class=\"wc-block-components-product-image__inner-container\"><\/div><\/a><\/div>\n\n<h2 style=\"line-height:1.4; margin-bottom:0.75rem;margin-top:0;\" class=\"has-text-align-center wp-block-post-title has-medium-font-size\"><a data-wp-on--click=\"woocommerce\/product-collection::actions.viewProduct\" href=\"https:\/\/salemwolf.ca\/fr\/produit\/une-drole-de-paire\/\" target=\"_self\" >Une dr\u00f4le de paire<\/a><\/h2>\n\n<div data-block-name=\"woocommerce\/product-price\" data-font-size=\"small\" data-is-descendent-of-query-loop=\"true\" data-text-align=\"center\" class=\"has-font-size has-small-font-size has-text-align-center wp-block-woocommerce-product-price has-small-font-size\" ><div class=\"wc-block-components-product-price wc-block-grid__product-price\" >\n\t\t\t\t\t<span class=\"woocommerce-Price-amount amount\"><bdi><span class=\"woocommerce-Price-currencySymbol\">&#36;<\/span>14.95<\/bdi><\/span>\n\t\t\t\t<\/div><\/div>\n\n<div data-block-name=\"woocommerce\/product-button\" data-font-size=\"small\" data-is-descendent-of-query-loop=\"true\" data-text-align=\"center\" class=\"wp-block-button wc-block-components-product-button   align-center wp-block-woocommerce-product-button has-small-font-size\"\n\t\t\t\t\t\n\t\t\t\t\tdata-wp-context='{\"quantityToAdd\":1,\"productId\":8223,\"productType\":\"simple\",\"addToCartText\":\"Ajouter au panier\",\"tempQuantity\":0,\"animationStatus\":\"IDLE\",\"inTheCartText\":\"### dans le panier\",\"noticeId\":\"\",\"hasPressedButton\":false}'\n\t\t\t\t>\n\t\t\t\t\t<a\n\t\t\t\t\t\tclass=\"wp-block-button__link wp-element-button wc-block-components-product-button__button add_to_cart_button product_type_simple has-font-size has-small-font-size has-text-align-center wc-interactive\"\n\t\t\t\t\t\tstyle=\"\"\n\t\t\t\t\t\thref=\"\/fr\/wp-json\/wp\/v2\/pages\/6594?add-to-cart=8223\" rel=\"nofollow\" data-product_id=\"8223\" data-product_sku=\"5003\" aria-label=\"Ajouter au panier\u00a0: &ldquo;Une dr\u00f4le de paire&rdquo;\"\n\t\t\t\t\t\tdata-wp-on--click=\"woocommerce\/product-collection::actions.viewProduct\"\n\t\t\t\t\t>\n\t\t\t\t\t<span >Ajouter au panier<\/span>\n\t\t\t\t\t<\/a>\n\t\t\t\t\t\n\t\t\t\t<\/div>\n\n\t\t\t\t<\/li><\/ul><\/div>\n\n\n\n<div style=\"height:100px\" aria-hidden=\"true\" class=\"wp-block-spacer\"><\/div>\n\n\n\n<div class=\"wp-block-columns alignwide is-layout-flex wp-container-core-columns-is-layout-28f84493 wp-block-columns-is-layout-flex\">\n<div class=\"wp-block-column is-layout-flow wp-block-column-is-layout-flow\" style=\"flex-basis:50%\">\n<h1 class=\"wp-block-heading allo\">All\u00f4,<\/h1>\n\n\n\n<p>Vous suiviez un lien vers un article de Formule Un et \u00eates tomb\u00e9 sur une recette de boulettes&nbsp; ? Bienvenue sur mon site&nbsp; !<\/p>\n\n\n\n<p>Vous y trouverez l&rsquo;<a href=\"https:\/\/salemwolf.ca\/fr\/agenda\/\" data-type=\"page\" data-id=\"6348\">agenda<\/a> des \u00e9v\u00e8nements auxquels je participe. Mes <a href=\"https:\/\/salemwolf.ca\/fr\/categorie-produit\/livres\/\" data-type=\"product_cat\" data-id=\"223\">livres<\/a>, les num\u00e9ros du <a href=\"https:\/\/salemwolf.ca\/fr\/category\/mag\/\" data-type=\"category\" data-id=\"80\">magazine Salem <\/a>. Si vous d\u00e9sirez en <a href=\"https:\/\/salemwolf.ca\/fr\/a-propos\/\" data-type=\"page\" data-id=\"6007\">savoir plus sur moi <\/a>On trouve aussi ici des photos et des <a href=\"https:\/\/salemwolf.ca\/fr\/medias\/\" data-type=\"page\" data-id=\"7896\">communiqu\u00e9s de presse <\/a>Vous pouvez aussi me suivre sur <a href=\"https:\/\/www.facebook.com\/sandralemirewolf\" data-type=\"link\" data-id=\"https:\/\/www.facebook.com\/sandralemirewolf\">Facebook<\/a>, sur&nbsp;<a href=\"https:\/\/www.instagram.com\/sandralemirewolf\/\" target=\"_blank\" rel=\"noreferrer noopener\">Instagram<\/a>&nbsp;et retrouver les vid\u00e9os et playlist de mes livres sur&nbsp;<a href=\"https:\/\/www.youtube.com\/@sandralemirewolf735\">YouTube<\/a>.<\/p>\n\n\n\n<figure class=\"wp-block-image alignright size-full\"><img data-recalc-dims=\"1\" loading=\"lazy\" decoding=\"async\" width=\"150\" height=\"101\" src=\"https:\/\/i0.wp.com\/salemwolf.ca\/fr\/wp-content\/uploads\/2023\/09\/image.png?resize=150%2C101&#038;ssl=1\" alt=\"\" class=\"wp-image-6553\"\/><\/figure>\n<\/div>\n\n\n\n<div class=\"wp-block-column is-layout-flow wp-block-column-is-layout-flow\" style=\"flex-basis:50%\">\n<figure class=\"wp-block-image size-large big-shadow\"><img data-recalc-dims=\"1\" loading=\"lazy\" decoding=\"async\" width=\"1024\" height=\"1024\" src=\"https:\/\/i0.wp.com\/salemwolf.ca\/fr\/wp-content\/uploads\/salem-2025.jpg?resize=1024%2C1024&#038;ssl=1\" alt=\"\" class=\"wp-image-6970\" style=\"aspect-ratio:1;object-fit:cover\" srcset=\"https:\/\/i0.wp.com\/salemwolf.ca\/fr\/wp-content\/uploads\/salem-2025.jpg?resize=1024%2C1024&amp;ssl=1 1024w, https:\/\/i0.wp.com\/salemwolf.ca\/fr\/wp-content\/uploads\/salem-2025.jpg?resize=300%2C300&amp;ssl=1 300w, https:\/\/i0.wp.com\/salemwolf.ca\/fr\/wp-content\/uploads\/salem-2025.jpg?resize=150%2C150&amp;ssl=1 150w, https:\/\/i0.wp.com\/salemwolf.ca\/fr\/wp-content\/uploads\/salem-2025.jpg?resize=768%2C768&amp;ssl=1 768w, https:\/\/i0.wp.com\/salemwolf.ca\/fr\/wp-content\/uploads\/salem-2025.jpg?resize=1536%2C1536&amp;ssl=1 1536w, https:\/\/i0.wp.com\/salemwolf.ca\/fr\/wp-content\/uploads\/salem-2025.jpg?resize=540%2C540&amp;ssl=1 540w, https:\/\/i0.wp.com\/salemwolf.ca\/fr\/wp-content\/uploads\/salem-2025.jpg?resize=1080%2C1080&amp;ssl=1 1080w, https:\/\/i0.wp.com\/salemwolf.ca\/fr\/wp-content\/uploads\/salem-2025.jpg?resize=1980%2C1980&amp;ssl=1 1980w, https:\/\/i0.wp.com\/salemwolf.ca\/fr\/wp-content\/uploads\/salem-2025.jpg?w=2048&amp;ssl=1 2048w\" sizes=\"auto, (max-width: 1000px) 100vw, 1000px\" \/><\/figure>\n<\/div>\n<\/div>\n","protected":false},"excerpt":{"rendered":"<p>Livres All\u00f4, Vous suiviez un lien vers un article de Formule Un et \u00eates tomb\u00e9 sur une recette de boulettes&nbsp; ? Bienvenue sur mon site&nbsp; ! Vous y trouverez l&rsquo;agenda des \u00e9v\u00e8nements auxquels je participe. Mes livres, les num\u00e9ros du magazine Salem . Si vous d\u00e9sirez en savoir plus sur moi On trouve aussi ici [&hellip;]<\/p>\n","protected":false},"author":1,"featured_media":0,"parent":0,"menu_order":0,"comment_status":"closed","ping_status":"closed","template":"page-no-title","meta":{"footnotes":""},"class_list":["post-6594","page","type-page","status-publish","hentry"],"jetpack_sharing_enabled":true,"_links":{"self":[{"href":"https:\/\/salemwolf.ca\/fr\/wp-json\/wp\/v2\/pages\/6594","targetHints":{"allow":["GET"]}}],"collection":[{"href":"https:\/\/salemwolf.ca\/fr\/wp-json\/wp\/v2\/pages"}],"about":[{"href":"https:\/\/salemwolf.ca\/fr\/wp-json\/wp\/v2\/types\/page"}],"author":[{"embeddable":true,"href":"https:\/\/salemwolf.ca\/fr\/wp-json\/wp\/v2\/users\/1"}],"replies":[{"embeddable":true,"href":"https:\/\/salemwolf.ca\/fr\/wp-json\/wp\/v2\/comments?post=6594"}],"version-history":[{"count":0,"href":"https:\/\/salemwolf.ca\/fr\/wp-json\/wp\/v2\/pages\/6594\/revisions"}],"wp:attachment":[{"href":"https:\/\/salemwolf.ca\/fr\/wp-json\/wp\/v2\/media?parent=6594"}],"curies":[{"name":"wp","href":"https:\/\/api.w.org\/{rel}","templated":true}]}}