{"id":7896,"date":"2025-01-31T15:48:45","date_gmt":"2025-01-31T20:48:45","guid":{"rendered":"https:\/\/salemwolf.ca\/fr\/?page_id=7896"},"modified":"2025-01-31T16:06:32","modified_gmt":"2025-01-31T21:06:32","slug":"medias","status":"publish","type":"page","link":"https:\/\/salemwolf.ca\/fr\/medias\/","title":{"rendered":"M\u00e9dias"},"content":{"rendered":"\n<h2 class=\"wp-block-heading\">Communiqu\u00e9s de presse<\/h2>\n\n\n\n<figure class=\"wp-block-table\"><table><tbody><tr><td><a href=\"https:\/\/salemwolf.ca\/fr\/wp-content\/uploads\/Communique_Pour-le-temps-quil-me-reste_FINAL.pdf\" data-type=\"attachment\" data-id=\"7876\">Pour le temps qu&rsquo;il me reste ( PDF)<\/a><\/td><td>F\u00e9vrier 2020<\/td><\/tr><tr><td><a href=\"https:\/\/salemwolf.ca\/fr\/wp-content\/uploads\/Communique_presse_Le_role_dune_vie_FINAL-1.pdf\" data-type=\"attachment\" data-id=\"7878\">Le r\u00f4le d&rsquo;une vie ( PDF)<\/a><\/td><td>Septembre 2023<\/td><\/tr><tr><td>Une dr\u00f4le de paire (PDF)<\/td><td>D\u00e9cembre 2024<\/td><\/tr><tr><td><a href=\"https:\/\/salemwolf.ca\/fr\/un-amour-sous-les-projecteurs\/\" data-type=\"page\" data-id=\"7068\">Un amour sous les projecteurs (PDF)<\/a><\/td><td>Janvier 2025<\/td><\/tr><tr><td>Victor and Gustave (PDF)<\/td><td>F\u00e9vrier 2025<\/td><\/tr><\/tbody><\/table><\/figure>\n\n\n\n<h2 class=\"wp-block-heading\">Photos<\/h2>\n\n\n\n<p>Images utilis\u00e9es dans les m\u00e9dias<\/p>\n\n\n\n<figure class=\"wp-block-gallery has-nested-images columns-default is-cropped is-style-tw-img-rounded wp-block-gallery-1 is-layout-flex wp-block-gallery-is-layout-flex\">\n<figure class=\"wp-block-image size-large\"><img data-recalc-dims=\"1\" loading=\"lazy\" decoding=\"async\" width=\"500\" height=\"500\" data-id=\"7586\" src=\"https:\/\/i0.wp.com\/salemwolf.ca\/fr\/wp-content\/uploads\/selfie-500.jpg?resize=500%2C500&#038;ssl=1\" alt=\"\" class=\"wp-image-7586\" srcset=\"https:\/\/i0.wp.com\/salemwolf.ca\/fr\/wp-content\/uploads\/selfie-500.jpg?w=500&amp;ssl=1 500w, https:\/\/i0.wp.com\/salemwolf.ca\/fr\/wp-content\/uploads\/selfie-500.jpg?resize=300%2C300&amp;ssl=1 300w, https:\/\/i0.wp.com\/salemwolf.ca\/fr\/wp-content\/uploads\/selfie-500.jpg?resize=150%2C150&amp;ssl=1 150w\" sizes=\"auto, (max-width: 500px) 100vw, 500px\" \/><figcaption class=\"wp-element-caption\">2025<\/figcaption><\/figure>\n\n\n\n<figure class=\"wp-block-image size-large\"><img data-recalc-dims=\"1\" loading=\"lazy\" decoding=\"async\" width=\"1024\" height=\"1024\" data-id=\"6513\" src=\"https:\/\/i0.wp.com\/salemwolf.ca\/fr\/wp-content\/uploads\/2023\/09\/salem-30-08-23-2.jpg?resize=1024%2C1024&#038;ssl=1\" alt=\"\" class=\"wp-image-6513\" srcset=\"https:\/\/i0.wp.com\/salemwolf.ca\/fr\/wp-content\/uploads\/2023\/09\/salem-30-08-23-2.jpg?resize=1024%2C1024&amp;ssl=1 1024w, https:\/\/i0.wp.com\/salemwolf.ca\/fr\/wp-content\/uploads\/2023\/09\/salem-30-08-23-2.jpg?resize=300%2C300&amp;ssl=1 300w, https:\/\/i0.wp.com\/salemwolf.ca\/fr\/wp-content\/uploads\/2023\/09\/salem-30-08-23-2.jpg?resize=150%2C150&amp;ssl=1 150w, https:\/\/i0.wp.com\/salemwolf.ca\/fr\/wp-content\/uploads\/2023\/09\/salem-30-08-23-2.jpg?resize=768%2C768&amp;ssl=1 768w, https:\/\/i0.wp.com\/salemwolf.ca\/fr\/wp-content\/uploads\/2023\/09\/salem-30-08-23-2.jpg?resize=1536%2C1536&amp;ssl=1 1536w, https:\/\/i0.wp.com\/salemwolf.ca\/fr\/wp-content\/uploads\/2023\/09\/salem-30-08-23-2.jpg?resize=2048%2C2048&amp;ssl=1 2048w, https:\/\/i0.wp.com\/salemwolf.ca\/fr\/wp-content\/uploads\/2023\/09\/salem-30-08-23-2.jpg?resize=540%2C540&amp;ssl=1 540w, https:\/\/i0.wp.com\/salemwolf.ca\/fr\/wp-content\/uploads\/2023\/09\/salem-30-08-23-2.jpg?resize=1080%2C1080&amp;ssl=1 1080w, https:\/\/i0.wp.com\/salemwolf.ca\/fr\/wp-content\/uploads\/2023\/09\/salem-30-08-23-2.jpg?resize=1980%2C1980&amp;ssl=1 1980w\" sizes=\"auto, (max-width: 1000px) 100vw, 1000px\" \/><figcaption class=\"wp-element-caption\">2023<\/figcaption><\/figure>\n\n\n\n<figure class=\"wp-block-image size-large\"><img data-recalc-dims=\"1\" loading=\"lazy\" decoding=\"async\" width=\"921\" height=\"1024\" data-id=\"7879\" src=\"https:\/\/i0.wp.com\/salemwolf.ca\/fr\/wp-content\/uploads\/Salem-Wolf-2020.jpg?resize=921%2C1024&#038;ssl=1\" alt=\"\" class=\"wp-image-7879\" srcset=\"https:\/\/i0.wp.com\/salemwolf.ca\/fr\/wp-content\/uploads\/Salem-Wolf-2020.jpg?resize=921%2C1024&amp;ssl=1 921w, https:\/\/i0.wp.com\/salemwolf.ca\/fr\/wp-content\/uploads\/Salem-Wolf-2020.jpg?resize=270%2C300&amp;ssl=1 270w, https:\/\/i0.wp.com\/salemwolf.ca\/fr\/wp-content\/uploads\/Salem-Wolf-2020.jpg?resize=768%2C854&amp;ssl=1 768w, https:\/\/i0.wp.com\/salemwolf.ca\/fr\/wp-content\/uploads\/Salem-Wolf-2020.jpg?resize=540%2C600&amp;ssl=1 540w, https:\/\/i0.wp.com\/salemwolf.ca\/fr\/wp-content\/uploads\/Salem-Wolf-2020.jpg?w=1028&amp;ssl=1 1028w\" sizes=\"auto, (max-width: 921px) 100vw, 921px\" \/><figcaption class=\"wp-element-caption\">2020<\/figcaption><\/figure>\n\n\n\n<figure class=\"wp-block-image size-large\"><img data-recalc-dims=\"1\" loading=\"lazy\" decoding=\"async\" width=\"624\" height=\"687\" data-id=\"7883\" src=\"https:\/\/i0.wp.com\/salemwolf.ca\/fr\/wp-content\/uploads\/salem-btstar-2018.jpg?resize=624%2C687&#038;ssl=1\" alt=\"\" class=\"wp-image-7883\" srcset=\"https:\/\/i0.wp.com\/salemwolf.ca\/fr\/wp-content\/uploads\/salem-btstar-2018.jpg?w=624&amp;ssl=1 624w, https:\/\/i0.wp.com\/salemwolf.ca\/fr\/wp-content\/uploads\/salem-btstar-2018.jpg?resize=272%2C300&amp;ssl=1 272w, https:\/\/i0.wp.com\/salemwolf.ca\/fr\/wp-content\/uploads\/salem-btstar-2018.jpg?resize=540%2C595&amp;ssl=1 540w\" sizes=\"auto, (max-width: 624px) 100vw, 624px\" \/><figcaption class=\"wp-element-caption\">2018<\/figcaption><\/figure>\n\n\n\n<figure class=\"wp-block-image size-large\"><img data-recalc-dims=\"1\" loading=\"lazy\" decoding=\"async\" width=\"611\" height=\"683\" data-id=\"7884\" src=\"https:\/\/i0.wp.com\/salemwolf.ca\/fr\/wp-content\/uploads\/salemwolf-2018.jpg?resize=611%2C683&#038;ssl=1\" alt=\"\" class=\"wp-image-7884\" srcset=\"https:\/\/i0.wp.com\/salemwolf.ca\/fr\/wp-content\/uploads\/salemwolf-2018.jpg?w=611&amp;ssl=1 611w, https:\/\/i0.wp.com\/salemwolf.ca\/fr\/wp-content\/uploads\/salemwolf-2018.jpg?resize=268%2C300&amp;ssl=1 268w, https:\/\/i0.wp.com\/salemwolf.ca\/fr\/wp-content\/uploads\/salemwolf-2018.jpg?resize=540%2C604&amp;ssl=1 540w\" sizes=\"auto, (max-width: 611px) 100vw, 611px\" \/><figcaption class=\"wp-element-caption\">2018<\/figcaption><\/figure>\n\n\n\n<figure class=\"wp-block-image size-large\"><img data-recalc-dims=\"1\" loading=\"lazy\" decoding=\"async\" width=\"853\" height=\"853\" data-id=\"6516\" src=\"https:\/\/i0.wp.com\/salemwolf.ca\/fr\/wp-content\/uploads\/2020\/04\/salem-profile.jpg?resize=853%2C853&#038;ssl=1\" alt=\"\" class=\"wp-image-6516\" srcset=\"https:\/\/i0.wp.com\/salemwolf.ca\/fr\/wp-content\/uploads\/2020\/04\/salem-profile.jpg?w=853&amp;ssl=1 853w, https:\/\/i0.wp.com\/salemwolf.ca\/fr\/wp-content\/uploads\/2020\/04\/salem-profile.jpg?resize=300%2C300&amp;ssl=1 300w, https:\/\/i0.wp.com\/salemwolf.ca\/fr\/wp-content\/uploads\/2020\/04\/salem-profile.jpg?resize=150%2C150&amp;ssl=1 150w, https:\/\/i0.wp.com\/salemwolf.ca\/fr\/wp-content\/uploads\/2020\/04\/salem-profile.jpg?resize=768%2C768&amp;ssl=1 768w, https:\/\/i0.wp.com\/salemwolf.ca\/fr\/wp-content\/uploads\/2020\/04\/salem-profile.jpg?resize=540%2C540&amp;ssl=1 540w\" sizes=\"auto, (max-width: 853px) 100vw, 853px\" \/><figcaption class=\"wp-element-caption\">2020<\/figcaption><\/figure>\n\n\n\n<figure class=\"wp-block-image size-large\"><img data-recalc-dims=\"1\" loading=\"lazy\" decoding=\"async\" width=\"300\" height=\"374\" data-id=\"7882\" src=\"https:\/\/i0.wp.com\/salemwolf.ca\/fr\/wp-content\/uploads\/salem2012-09-12.jpg?resize=300%2C374&#038;ssl=1\" alt=\"\" class=\"wp-image-7882\" srcset=\"https:\/\/i0.wp.com\/salemwolf.ca\/fr\/wp-content\/uploads\/salem2012-09-12.jpg?w=300&amp;ssl=1 300w, https:\/\/i0.wp.com\/salemwolf.ca\/fr\/wp-content\/uploads\/salem2012-09-12.jpg?resize=241%2C300&amp;ssl=1 241w\" sizes=\"auto, (max-width: 300px) 100vw, 300px\" \/><figcaption class=\"wp-element-caption\">2015<\/figcaption><\/figure>\n\n\n\n<figure class=\"wp-block-image size-large\"><img data-recalc-dims=\"1\" loading=\"lazy\" decoding=\"async\" width=\"277\" height=\"327\" data-id=\"7881\" src=\"https:\/\/i0.wp.com\/salemwolf.ca\/fr\/wp-content\/uploads\/salem2.jpg?resize=277%2C327&#038;ssl=1\" alt=\"\" class=\"wp-image-7881\" srcset=\"https:\/\/i0.wp.com\/salemwolf.ca\/fr\/wp-content\/uploads\/salem2.jpg?w=277&amp;ssl=1 277w, https:\/\/i0.wp.com\/salemwolf.ca\/fr\/wp-content\/uploads\/salem2.jpg?resize=254%2C300&amp;ssl=1 254w\" sizes=\"auto, (max-width: 277px) 100vw, 277px\" \/><figcaption class=\"wp-element-caption\">1996<\/figcaption><\/figure>\n\n\n\n<figure class=\"wp-block-image size-large\"><img data-recalc-dims=\"1\" loading=\"lazy\" decoding=\"async\" width=\"200\" height=\"211\" data-id=\"7880\" src=\"https:\/\/i0.wp.com\/salemwolf.ca\/fr\/wp-content\/uploads\/salem.jpg?resize=200%2C211&#038;ssl=1\" alt=\"\" class=\"wp-image-7880\"\/><figcaption class=\"wp-element-caption\">2000<\/figcaption><\/figure>\n<\/figure>\n\n\n\n<p><\/p>\n","protected":false},"excerpt":{"rendered":"<p>Communiqu\u00e9s de presse Pour le temps qu&rsquo;il me reste ( PDF) F\u00e9vrier 2020 Le r\u00f4le d&rsquo;une vie ( PDF) Septembre 2023 Une dr\u00f4le de paire (PDF) D\u00e9cembre 2024 Un amour sous les projecteurs (PDF) Janvier 2025 Victor and Gustave (PDF) F\u00e9vrier 2025 Photos Images utilis\u00e9es dans les m\u00e9dias<\/p>\n","protected":false},"author":1,"featured_media":0,"parent":0,"menu_order":0,"comment_status":"closed","ping_status":"closed","template":"","meta":{"footnotes":""},"class_list":["post-7896","page","type-page","status-publish","hentry"],"jetpack_sharing_enabled":true,"_links":{"self":[{"href":"https:\/\/salemwolf.ca\/fr\/wp-json\/wp\/v2\/pages\/7896","targetHints":{"allow":["GET"]}}],"collection":[{"href":"https:\/\/salemwolf.ca\/fr\/wp-json\/wp\/v2\/pages"}],"about":[{"href":"https:\/\/salemwolf.ca\/fr\/wp-json\/wp\/v2\/types\/page"}],"author":[{"embeddable":true,"href":"https:\/\/salemwolf.ca\/fr\/wp-json\/wp\/v2\/users\/1"}],"replies":[{"embeddable":true,"href":"https:\/\/salemwolf.ca\/fr\/wp-json\/wp\/v2\/comments?post=7896"}],"version-history":[{"count":0,"href":"https:\/\/salemwolf.ca\/fr\/wp-json\/wp\/v2\/pages\/7896\/revisions"}],"wp:attachment":[{"href":"https:\/\/salemwolf.ca\/fr\/wp-json\/wp\/v2\/media?parent=7896"}],"curies":[{"name":"wp","href":"https:\/\/api.w.org\/{rel}","templated":true}]}}