{"id":8224,"date":"2025-04-16T11:41:54","date_gmt":"2025-04-16T15:41:54","guid":{"rendered":"https:\/\/salemwolf.ca\/fr\/produit\/pour-le-temps-quil-me-reste\/"},"modified":"2026-04-02T10:29:48","modified_gmt":"2026-04-02T14:29:48","slug":"pour-le-temps-quil-me-reste","status":"publish","type":"product","link":"https:\/\/salemwolf.ca\/fr\/produit\/pour-le-temps-quil-me-reste\/","title":{"rendered":"Pour le temps qu&rsquo;il me reste"},"content":{"rendered":"<p><strong>R\u00e9sum\u00e9<\/strong><\/p>\n<p>Des taches grises sur la langue et le palais. Un teint livide. Une sant\u00e9 fragile. Claire Verrier ne se doutait pas que ces sympt\u00f4mes en apparence b\u00e9nins cachaient en r\u00e9alit\u00e9 une leuc\u00e9mie aigu\u00eb et incurable. D\u00e9vast\u00e9e, elle choisit de garder le secret sur son \u00e9tat et de partir \u00e0 l&rsquo;aventure afin de profiter au maximum du temps qu&rsquo;il lui reste. \u00c0 la recherche de d\u00e9paysement et de rencontres exaltantes, la jeune femme met le cap sur l&rsquo;Italie. Avec ses repas copieux et ses jeux de s\u00e9duction invitants, la destination ensoleill\u00e9e remplit tout \u00e0 fait son mandat aupr\u00e8s de la malade. Mais, quand les fonds viennent \u00e0 manquer, Claire n&rsquo;a d&rsquo;autre choix que de rentrer \u00e0 la maison. Alors que sa sant\u00e9 se d\u00e9t\u00e9riore, elle se sent de plus en plus seule et d\u00e9prim\u00e9e. Heureusement, il y a Ramsay, un toutou imp\u00e9tueux qu&rsquo;elle a sauv\u00e9 d&rsquo;une mort certaine, et Gilles, un homme mari\u00e9 au sourire ravageur qu&rsquo;elle fr\u00e9quente passionn\u00e9ment, pour lui apporter le r\u00e9confort dont elle a besoin.<\/p>\n<div class=\"wp-block-buttons is-layout-flex wp-block-buttons-is-layout-flex\">\n<div class=\"wp-block-button\"><a class=\"wp-block-button__link wp-element-button\" href=\"https:\/\/www.entrepotnumerique.com\/p\/100528\" target=\"_blank\" rel=\"noreferrer noopener\">Lire un extrait<\/a><\/div>\n<\/div>\n<p><strong>Bande annonce\u00a0<\/strong><\/p>\n<p><iframe loading=\"lazy\" title=\"Sandra Lemire Wolf | Pour le temps qu&#039;il me reste\" width=\"500\" height=\"281\" src=\"https:\/\/www.youtube.com\/embed\/qOvf6AVGy3U?feature=oembed\" frameborder=\"0\" allow=\"accelerometer; autoplay; clipboard-write; encrypted-media; gyroscope; picture-in-picture; web-share\" referrerpolicy=\"strict-origin-when-cross-origin\" allowfullscreen><\/iframe><\/p>\n<p><strong>Trame sonore<\/strong><\/p>\n<p class=\"text_justify\"><a href=\"https:\/\/www.youtube.com\/playlist?list=PLkU-bMgkoNVQec9_Df4I5gcjuJGXjtlIT\"><img loading=\"lazy\" decoding=\"async\" class=\"alignleft\" src=\"https:\/\/i0.wp.com\/salemwolf.ca\/fr\/wp-content\/uploads\/2023\/10\/Pour_le_temps_quil_me_reste-Soundtrack.jpg?resize=1024%2C1024&amp;ssl=1\" width=\"765\" height=\"765\" \/><\/a>Je sais, c\u2019est un peu \u00e9trange. Pourtant, personnellement, je vais souvent chercher les r\u00e9f\u00e9rences cit\u00e9es dans les livres. Par curiosit\u00e9, compr\u00e9hension ou pour \u00eatre vraiment dans l\u2019ambiance.<\/p>\n<p class=\"text_justify\">Donc j\u2019ai cr\u00e9\u00e9 une nouvelle playlist sur YouTube pour la bande sonore de <em><a href=\"https:\/\/salemwolf.ca\/fr\/pour-le-temps-quil-me-reste\/\">Pour le temps qu\u2019il me reste<\/a><\/em>.<br \/>\nLa musique et les chansons cit\u00e9es dans le roman.<br \/>\nPour agr\u00e9menter votre lecture ou pour satisfaire votre curiosit\u00e9 en d\u00e9couvrant des titres mentionn\u00e9s dans l\u2019histoire.<\/p>\n<p>&nbsp;<\/p>\n<p><strong>D\u00e9tails<\/strong><\/p>\n<p>Prix :28,95 $Cat\u00e9gorie :Romans qu\u00e9b\u00e9cois et canadiens<\/p>\n<p>Auteur : Sandra Lemire Wolf<\/p>\n<p>Titre :Pour le temps qu&rsquo;il me reste<\/p>\n<p>Date de parution :18 f\u00e9vrier 2020<\/p>\n<p>\u00c9diteur :LES EDITEURS REUNIS<\/p>\n<p>Pages :360<\/p>\n<p>Sujet :LITTERATURE QUEBECOISE<\/p>\n<p>ISBN :9782897833329 (2897833327)<\/p>\n","protected":false},"excerpt":{"rendered":"<p class=\"has-drop-cap text_justify\">Des taches grises sur la langue et le palais. Un teint livide. Une sant\u00e9 fragile. Claire Verrier ne se doutait pas que ces sympt\u00f4mes en apparence b\u00e9nins cachaient en r\u00e9alit\u00e9 une leuc\u00e9mie aigu\u00eb et incurable. D\u00e9vast\u00e9e, elle choisit de garder le secret sur son \u00e9tat et de partir \u00e0 l&rsquo;aventure afin de profiter au maximum du temps qu&rsquo;il lui reste.<\/p>\n","protected":false},"featured_media":8225,"comment_status":"open","ping_status":"closed","template":"","meta":[],"product_brand":[260],"product_cat":[223],"product_tag":[230,228,233,226,227,229,232,231],"class_list":{"0":"post-8224","1":"product","2":"type-product","3":"status-publish","4":"has-post-thumbnail","6":"product_brand-les-editeurs-reunis","7":"product_cat-livres","8":"product_tag-amitie","9":"product_tag-chien","10":"product_tag-liberte","11":"product_tag-maladie","12":"product_tag-mort","13":"product_tag-relations-familiales","14":"product_tag-sexualite","15":"product_tag-voyages","16":"product_shipping_class-livraison-gratuite","18":"first","19":"instock","20":"featured","21":"shipping-taxable","22":"purchasable","23":"product-type-simple"},"jetpack_sharing_enabled":true,"_links":{"self":[{"href":"https:\/\/salemwolf.ca\/fr\/wp-json\/wp\/v2\/product\/8224","targetHints":{"allow":["GET"]}}],"collection":[{"href":"https:\/\/salemwolf.ca\/fr\/wp-json\/wp\/v2\/product"}],"about":[{"href":"https:\/\/salemwolf.ca\/fr\/wp-json\/wp\/v2\/types\/product"}],"replies":[{"embeddable":true,"href":"https:\/\/salemwolf.ca\/fr\/wp-json\/wp\/v2\/comments?post=8224"}],"wp:featuredmedia":[{"embeddable":true,"href":"https:\/\/salemwolf.ca\/fr\/wp-json\/wp\/v2\/media\/8225"}],"wp:attachment":[{"href":"https:\/\/salemwolf.ca\/fr\/wp-json\/wp\/v2\/media?parent=8224"}],"wp:term":[{"taxonomy":"product_brand","embeddable":true,"href":"https:\/\/salemwolf.ca\/fr\/wp-json\/wp\/v2\/product_brand?post=8224"},{"taxonomy":"product_cat","embeddable":true,"href":"https:\/\/salemwolf.ca\/fr\/wp-json\/wp\/v2\/product_cat?post=8224"},{"taxonomy":"product_tag","embeddable":true,"href":"https:\/\/salemwolf.ca\/fr\/wp-json\/wp\/v2\/product_tag?post=8224"}],"curies":[{"name":"wp","href":"https:\/\/api.w.org\/{rel}","templated":true}]}}