{"id":8355,"date":"2025-05-14T08:50:12","date_gmt":"2025-05-14T12:50:12","guid":{"rendered":"https:\/\/salemwolf.ca\/fr\/?post_type=product&#038;p=8355"},"modified":"2025-06-02T20:19:52","modified_gmt":"2025-06-03T00:19:52","slug":"salem-magazine-vol-1-no-3-mars-2025","status":"publish","type":"product","link":"https:\/\/salemwolf.ca\/fr\/produit\/salem-magazine-vol-1-no-3-mars-2025\/","title":{"rendered":"Salem Magazine Vol.1 No.3 Mars 2025"},"content":{"rendered":"<p>Salem Magazine Vol.1 No.3 Mars 2025<\/p>\n<p>Num\u00e9ro 3<\/p>\n<p>\u00c9ditorial:\u00a0 Le mois de mars, le mois des fous<br \/>\nAgenda Salon du livre de Trois-Rivi\u00e8res<br \/>\nSortie de livre Victor &amp; Gustave<br \/>\nConcours \u00c0 gagner : une copie d\u00e9dicac\u00e9e<br \/>\n\u00c0 faire On joue !<br \/>\nPour le printemps Le beau temps<br \/>\nDans ma t\u00e9l\u00e9 Soyons fiers de nos d\u00e9cors et le retour de la F1<br \/>\nRecette La frittata de Simon Marchand<br \/>\nCourrier Qui est Bob ?<\/p>\n","protected":false},"excerpt":{"rendered":"<p>Salem Magazine Vol.1 No.3 Mars 2025<\/p>\n","protected":false},"featured_media":8381,"comment_status":"closed","ping_status":"closed","template":"","meta":[],"product_brand":[258],"product_cat":[218],"product_tag":[254,252,250,253,248,249],"class_list":{"0":"post-8355","1":"product","2":"type-product","3":"status-publish","4":"has-post-thumbnail","6":"product_brand-grand-mechant-loup","7":"product_cat-mag","8":"product_tag-anecdotes","9":"product_tag-concours","10":"product_tag-ecriture","11":"product_tag-exclusivite","12":"product_tag-recettes","13":"product_tag-television","15":"first","16":"instock","17":"downloadable","18":"virtual","19":"purchasable","20":"product-type-simple"},"jetpack_sharing_enabled":true,"_links":{"self":[{"href":"https:\/\/salemwolf.ca\/fr\/wp-json\/wp\/v2\/product\/8355","targetHints":{"allow":["GET"]}}],"collection":[{"href":"https:\/\/salemwolf.ca\/fr\/wp-json\/wp\/v2\/product"}],"about":[{"href":"https:\/\/salemwolf.ca\/fr\/wp-json\/wp\/v2\/types\/product"}],"replies":[{"embeddable":true,"href":"https:\/\/salemwolf.ca\/fr\/wp-json\/wp\/v2\/comments?post=8355"}],"wp:featuredmedia":[{"embeddable":true,"href":"https:\/\/salemwolf.ca\/fr\/wp-json\/wp\/v2\/media\/8381"}],"wp:attachment":[{"href":"https:\/\/salemwolf.ca\/fr\/wp-json\/wp\/v2\/media?parent=8355"}],"wp:term":[{"taxonomy":"product_brand","embeddable":true,"href":"https:\/\/salemwolf.ca\/fr\/wp-json\/wp\/v2\/product_brand?post=8355"},{"taxonomy":"product_cat","embeddable":true,"href":"https:\/\/salemwolf.ca\/fr\/wp-json\/wp\/v2\/product_cat?post=8355"},{"taxonomy":"product_tag","embeddable":true,"href":"https:\/\/salemwolf.ca\/fr\/wp-json\/wp\/v2\/product_tag?post=8355"}],"curies":[{"name":"wp","href":"https:\/\/api.w.org\/{rel}","templated":true}]}}